{"id":1508,"date":"2023-09-13T12:49:02","date_gmt":"2023-09-13T10:49:02","guid":{"rendered":"https:\/\/yann-pivel.com\/?page_id=1508"},"modified":"2023-09-13T13:03:28","modified_gmt":"2023-09-13T11:03:28","slug":"mentions-legales","status":"publish","type":"page","link":"https:\/\/yann-pivel.com\/en\/mentions-legales\/","title":{"rendered":"Legal information"},"content":{"rendered":"<p>[et_pb_section fb_built=\u00a0\u00bb1&Prime; _builder_version=\u00a0\u00bb4.22.1&Prime; _module_preset=\u00a0\u00bbdefault\u00a0\u00bb use_background_color_gradient=\u00a0\u00bbon\u00a0\u00bb background_color_gradient_stops=\u00a0\u00bbrgba(255,255,255,0) 0%|#424244 100%\u00a0\u00bb background_color_gradient_overlays_image=\u00a0\u00bbon\u00a0\u00bb background_image=\u00a0\u00bbhttp:\/\/yann-pivel.com\/wp-content\/uploads\/2023\/07\/1920x1080__0000s_0004_karthik-swarnkar-AoNvwL-Dmtw-unsplash.jpg\u00a0\u00bb custom_margin=\u00a0\u00bb-150px||||false|false\u00a0\u00bb custom_padding=\u00a0\u00bb25vh||||false|false\u00a0\u00bb global_colors_info=\u00a0\u00bb{}\u00a0\u00bb locked=\u00a0\u00bboff\u00a0\u00bb theme_builder_area=\u00a0\u00bbpost_content\u00a0\u00bb][et_pb_row _builder_version=\u00a0\u00bb4.21.0&Prime; _module_preset=\u00a0\u00bbdefault\u00a0\u00bb custom_padding=\u00a0\u00bb20vh||||false|false\u00a0\u00bb global_colors_info=\u00a0\u00bb{}\u00a0\u00bb theme_builder_area=\u00a0\u00bbpost_content\u00a0\u00bb][et_pb_column type=\u00a0\u00bb4_4&Prime; _builder_version=\u00a0\u00bb4.21.0&Prime; _module_preset=\u00a0\u00bbdefault\u00a0\u00bb global_colors_info=\u00a0\u00bb{}\u00a0\u00bb theme_builder_area=\u00a0\u00bbpost_content\u00a0\u00bb][et_pb_text _builder_version=\u00a0\u00bb4.22.1&Prime; _module_preset=\u00a0\u00bbdefault\u00a0\u00bb header_text_color=\u00a0\u00bb#FFFFFF\u00a0\u00bb header_font_size=\u00a0\u00bb60px\u00a0\u00bb animation_style=\u00a0\u00bbslide\u00a0\u00bb animation_direction=\u00a0\u00bbbottom\u00a0\u00bb animation_intensity_slide=\u00a0\u00bb7%\u00a0\u00bb hover_enabled=\u00a0\u00bb0&Prime; global_colors_info=\u00a0\u00bb{}\u00a0\u00bb theme_builder_area=\u00a0\u00bbpost_content\u00a0\u00bb sticky_enabled=\u00a0\u00bb0&Prime;]<\/p>\n<h1>Legal information<\/h1>\n<p>[\/et_pb_text][\/et_pb_column][\/et_pb_row][\/et_pb_section][et_pb_section fb_built=\u00a0\u00bb1&Prime; _builder_version=\u00a0\u00bb4.22.1&Prime; _module_preset=\u00a0\u00bbdefault\u00a0\u00bb hover_enabled=\u00a0\u00bb0&Prime; global_colors_info=\u00a0\u00bb{}\u00a0\u00bb background_color=\u00a0\u00bb#424244&Prime; sticky_enabled=\u00a0\u00bb0&Prime;][et_pb_row _builder_version=\u00a0\u00bb4.21.0&Prime; _module_preset=\u00a0\u00bbdefault\u00a0\u00bb custom_margin=\u00a0\u00bb||||false|false\u00a0\u00bb custom_padding=\u00a0\u00bb8%|8%|8%|8%|true|true\u00a0\u00bb border_width_all=\u00a0\u00bb1px\u00a0\u00bb border_color_all=\u00a0\u00bb#F0E7FC\u00a0\u00bb global_colors_info=\u00a0\u00bb{}\u00a0\u00bb][et_pb_column type=\u00a0\u00bb4_4&Prime; _builder_version=\u00a0\u00bb4.20.2&Prime; _module_preset=\u00a0\u00bbdefault\u00a0\u00bb global_colors_info=\u00a0\u00bb{}\u00a0\u00bb][et_pb_text header_font_size=\u00a0\u00bb120px\u00a0\u00bb header_letter_spacing=\u00a0\u00bb-2px\u00a0\u00bb header_font_size_last_edited=\u00a0\u00bbon|phone\u00a0\u00bb header_font_size_tablet=\u00a0\u00bb40px\u00a0\u00bb header_font_size_phone=\u00a0\u00bb35px\u00a0\u00bb header_2_font_size=\u00a0\u00bb30px\u00a0\u00bb header_2_letter_spacing=\u00a0\u00bb1px\u00a0\u00bb header_2_text_color=\u00a0\u00bb#777777&Prime; header_2_font=\u00a0\u00bb|300||on|||||\u00a0\u00bb header_3_font=\u00a0\u00bb|300||on|||||\u00a0\u00bb header_3_font_size=\u00a0\u00bb30px\u00a0\u00bb header_3_font_size_last_edited=\u00a0\u00bbon|phone\u00a0\u00bb header_3_font_size_tablet=\u00a0\u00bb60px\u00a0\u00bb header_3_font_size_phone=\u00a0\u00bb35px\u00a0\u00bb _builder_version=\u00a0\u00bb4.22.1&Prime; _module_preset=\u00a0\u00bb6826cc14-325d-4618-880a-dcab47186afc\u00a0\u00bb header_3_text_color=\u00a0\u00bb#F18265&Prime; custom_margin=\u00a0\u00bb||||false|false\u00a0\u00bb hover_enabled=\u00a0\u00bb0&Prime; header_2_font_size_tablet=\u00a0\u00bb26px\u00a0\u00bb header_2_font_size_phone=\u00a0\u00bb22px\u00a0\u00bb header_2_font_size_last_edited=\u00a0\u00bbon|phone\u00a0\u00bb locked=\u00a0\u00bboff\u00a0\u00bb global_colors_info=\u00a0\u00bb{}\u00a0\u00bb sticky_enabled=\u00a0\u00bb0&Prime;]<\/p>\n<h3>Legal information<\/h3>\n<p>[\/et_pb_text][et_pb_text header_font_size=\u00a0\u00bb120px\u00a0\u00bb header_letter_spacing=\u00a0\u00bb-2px\u00a0\u00bb header_font_size_last_edited=\u00a0\u00bbon|phone\u00a0\u00bb header_font_size_tablet=\u00a0\u00bb40px\u00a0\u00bb header_font_size_phone=\u00a0\u00bb35px\u00a0\u00bb header_2_font_size=\u00a0\u00bb30px\u00a0\u00bb header_2_letter_spacing=\u00a0\u00bb1px\u00a0\u00bb header_2_text_color=\u00a0\u00bb#777777&Prime; header_2_font=\u00a0\u00bb|300||on|||||\u00a0\u00bb header_3_font=\u00a0\u00bbRusso One|300|||||||\u00a0\u00bb header_3_font_size=\u00a0\u00bb24px\u00a0\u00bb header_3_font_size_last_edited=\u00a0\u00bbon|phone\u00a0\u00bb header_3_font_size_tablet=\u00a0\u00bb60px\u00a0\u00bb header_3_font_size_phone=\u00a0\u00bb35px\u00a0\u00bb _builder_version=\u00a0\u00bb4.22.1&Prime; _module_preset=\u00a0\u00bb6826cc14-325d-4618-880a-dcab47186afc\u00a0\u00bb text_line_height=\u00a0\u00bb1.4em\u00a0\u00bb link_text_color=\u00a0\u00bb#F2D5C5&Prime; header_3_text_color=\u00a0\u00bb#F18265&Prime; header_3_line_height=\u00a0\u00bb1.4em\u00a0\u00bb hover_enabled=\u00a0\u00bb0&Prime; header_2_font_size_tablet=\u00a0\u00bb26px\u00a0\u00bb header_2_font_size_phone=\u00a0\u00bb22px\u00a0\u00bb header_2_font_size_last_edited=\u00a0\u00bbon|phone\u00a0\u00bb global_colors_info=\u00a0\u00bb{}\u00a0\u00bb link_text_color__hover_enabled=\u00a0\u00bbon|hover\u00a0\u00bb link_text_color__hover=\u00a0\u00bb#F18265&Prime; text_text_color=\u00a0\u00bb#FFFFFF\u00a0\u00bb sticky_enabled=\u00a0\u00bb0&Prime;]Soucieux des droits des individus, notamment au regard des traitements automatis\u00e9s et dans une volont\u00e9 de transparence avec ses clients, j&rsquo;ai mis en place une politique reprenant l&rsquo;ensemble de ces traitements, des finalit\u00e9s poursuivies par ces derniers ainsi que des moyens d&rsquo;actions \u00e0 la disposition des individus afin qu&rsquo;ils puissent au mieux exercer leurs droits.<br \/>\nPour toute information compl\u00e9mentaire sur la protection des donn\u00e9es personnelles, nous vous invitons \u00e0 consulter le site de la commission nationale ayant autorit\u00e9 dans votre pays :<\/p>\n<ul>\n<li>Commission Nationale pour Protection des Donn\u00e9es (CNPD) au Luxembourg : <a href=\"https:\/\/cnpd.public.lu\/fr\">https:\/\/cnpd.public.lu\/fr<\/a><\/li>\n<li>Commission de la Protection de la Vie Priv\u00e9e (CPVP) en\u00a0Belgique : <a href=\"https:\/\/www.autoriteprotectiondonnees.be\">https:\/\/www.autoriteprotectiondonnees.be<\/a><\/li>\n<li>Commission Nationale de l&rsquo;informatique et des Libert\u00e9s (CNIL) en France\u00a0: <a href=\"https:\/\/www.cnil.fr\/fr\/\">https:\/\/www.cnil.fr\/fr<\/a><\/li>\n<\/ul>\n<p>La poursuite de la navigation sur ce site vaut acceptation sans r\u00e9serve des dispositions et conditions d&rsquo;utilisation qui suivent.<br \/>\nLa version actuellement en ligne de ces conditions d&rsquo;utilisation est la seule opposable pendant toute la dur\u00e9e d&rsquo;utilisation du site et jusqu&rsquo;\u00e0 ce qu&rsquo;une nouvelle version la remplace.<\/p>\n<h3>Article 1 &#8211; D\u00e9finitions<\/h3>\n<p><span style=\"font-weight: bold;\">1.1 Propri\u00e9taire :<\/span><br \/>\nYann PIVEL<br \/>\nHerserange<br \/>\nFrance<br \/>\n<span style=\"font-weight: bold;\">1.2 Responsable de publication :<\/span><br \/>\nYann PIVEL : yann.pivel@hotmail.fr<br \/>\n<span style=\"font-weight: bold;\">1.3 H\u00e9bergeur :<\/span><br \/>\nyann-pivel.com est h\u00e9berg\u00e9 par Hostinger, d<span>ont le sie\u0300ge social est situe\u0301 au 61 Lordou Vironos Street, 6023 Larnaca \u00e0 Chypre.<\/span><br \/>\n<span style=\"font-weight: bold;\">1.4 Webmaster :<\/span><br \/>\nYann PIVEL , bas\u00e9 \u00e0 Herserange.<br \/>\nAdresse mail : <a href=\"mailto:yann.pivel@hotmail.fr\">yann.pivel@hotmail.fr<\/a><br \/>\n<span style=\"font-weight: bold;\">1.5 D\u00e9l\u00e9gue \u00e0 la protection des donn\u00e9es :<\/span><br \/>\nYann PIVEL<\/p>\n<h3>Article 2 &#8211; Acc\u00e8s au site<\/h3>\n<p>L&rsquo;acc\u00e8s au site et son utilisation sont r\u00e9serv\u00e9s \u00e0 un usage strictement personnel. Vous vous engagez \u00e0 ne pas utiliser ce site et les informations ou donn\u00e9es qui y figurent \u00e0 des fins commerciales, politiques, publicitaires et pour toute forme de sollicitation commerciale et notamment l&rsquo;envoi de courriers \u00e9lectroniques non sollicit\u00e9s.<\/p>\n<h3>Article 3 &#8211; Contenu du site<\/h3>\n<p>Toutes les marques, photographies, textes, commentaires, illustrations, images anim\u00e9es ou non, s\u00e9quences vid\u00e9o, sons, ainsi que toutes les applications informatiques qui pourraient \u00eatre utilis\u00e9es pour faire fonctionner ce site et plus g\u00e9n\u00e9ralement tous les \u00e9l\u00e9ments reproduits ou utilis\u00e9s sur le site sont prot\u00e9g\u00e9s par les lois en vigueur au titre de la propri\u00e9t\u00e9 intellectuelle.<br \/>\nIls sont la propri\u00e9t\u00e9 pleine et enti\u00e8re de l&rsquo;\u00e9diteur ou de ses partenaires. Toute reproduction, repr\u00e9sentation, utilisation ou adaptation, sous quelque forme que ce soit, de tout ou partie de ces \u00e9l\u00e9ments, y compris les applications informatiques, sans l&rsquo;accord pr\u00e9alable et \u00e9crit de l&rsquo;\u00e9diteur, sont strictement interdites. Le fait pour l&rsquo;\u00e9diteur de ne pas engager de proc\u00e9dure d\u00e8s la prise de connaissance de ces utilisations non autoris\u00e9es ne vaut pas acceptation desdites utilisations et renonciation aux poursuites.<\/p>\n<h3>Article 4 &#8211; Gestion du site<\/h3>\n<p>Pour la bonne gestion du site, l&rsquo;\u00e9diteur pourra \u00e0 tout moment :<br \/>\n&#8211; suspendre, interrompre ou limiter l&rsquo;acc\u00e8s \u00e0 tout ou partie du site, r\u00e9server l&rsquo;acc\u00e8s au site, ou \u00e0 certaines parties du site, \u00e0 une cat\u00e9gorie d\u00e9termin\u00e9e d&rsquo;internautes ;<br \/>\n&#8211; supprimer toute information pouvant en perturber le fonctionnement ou entrant en contravention avec les lois nationales ou internationales ;<br \/>\n&#8211; suspendre le site afin de proc\u00e9der \u00e0 des mises \u00e0 jour.<\/p>\n<h3>Article 5 &#8211; Responsabilit\u00e9s<\/h3>\n<p>La responsabilit\u00e9 de l&rsquo;\u00e9diteur ne peut \u00eatre engag\u00e9e en cas de d\u00e9faillance, panne, difficult\u00e9 ou interruption de fonctionnement, emp\u00eachant l&rsquo;acc\u00e8s au site ou \u00e0 une de ses fonctionnalit\u00e9s.<br \/>\nLe mat\u00e9riel de connexion au site que vous utilisez est sous votre enti\u00e8re responsabilit\u00e9. Vous devez prendre toutes les mesures appropri\u00e9es pour prot\u00e9ger votre mat\u00e9riel et vos propres donn\u00e9es notamment d&rsquo;attaques virales par Internet. Vous \u00eates par ailleurs seul responsable des sites et donn\u00e9es que vous consultez.<\/p>\n<p>L&rsquo;\u00e9diteur ne pourra \u00eatre tenu responsable en cas de poursuites judiciaires \u00e0 votre encontre :<br \/>\n&#8211; du fait de l&rsquo;usage du site ou de tout service accessible via Internet ;<br \/>\n&#8211; du fait du non-respect par vous des pr\u00e9sentes conditions g\u00e9n\u00e9rales.<\/p>\n<p>L&rsquo;\u00e9diteur n&rsquo;est pas responsable des dommages caus\u00e9s \u00e0 vous-m\u00eame, \u00e0 des tiers et\/ou \u00e0 votre \u00e9quipement du fait de votre connexion ou de votre utilisation du site et vous renoncez \u00e0 toute action contre lui de ce fait.<br \/>\nSi l&rsquo;\u00e9diteur venait \u00e0 faire l&rsquo;objet d&rsquo;une proc\u00e9dure amiable ou judiciaire en raison de votre utilisation du site, il pourra se retourner contre vous pour obtenir l&rsquo;indemnisation de tous les pr\u00e9judices, sommes, condamnations et frais qui pourraient d\u00e9couler de cette proc\u00e9dure.<\/p>\n<h3>Article 6 &#8211; Liens hypertextes<\/h3>\n<p>La mise en place par les utilisateurs de tous liens hypertextes vers tout ou partie du site est autoris\u00e9e par l&rsquo;\u00e9diteur. Tout lien devra \u00eatre retir\u00e9 sur simple demande de l&rsquo;\u00e9diteur.<br \/>\nToute information accessible via un lien vers d&rsquo;autres sites n&rsquo;est pas publi\u00e9e par l&rsquo;\u00e9diteur. L&rsquo;\u00e9diteur ne dispose d&rsquo;aucun droit sur le contenu pr\u00e9sent dans ledit lien.<\/p>\n<h3>Article 7 &#8211; Utilisation des donn\u00e9es<\/h3>\n<p>Les donn\u00e9es personnelles collect\u00e9es aupr\u00e8s des utilisateurs ont pour objectif la mise \u00e0 disposition des services de yann-pivel.com, leur am\u00e9lioration et le maintien d&rsquo;un environnement s\u00e9curis\u00e9. La base l\u00e9gale des traitements est l&rsquo;ex\u00e9cution du contrat entre l&rsquo;utilisateur et yann-pivel.com. Plus pr\u00e9cis\u00e9ment, les utilisations sont les suivantes :<br \/>\n&#8211; acc\u00e8s et utilisation de yann-pivel.com par l&rsquo;utilisateur ;<br \/>\n&#8211; gestion du fonctionnement et optimisation de yann-pivel.com;<br \/>\n&#8211; mise en \u0153uvre d&rsquo;une assistance utilisateurs ;<br \/>\n&#8211; v\u00e9rification, identification et authentification des donn\u00e9es transmises par l&rsquo;utilisateur ;<br \/>\n&#8211; personnalisation des services en affichant des publicit\u00e9s en fonction de l&rsquo;historique de navigation de l&rsquo;utilisateur, selon ses pr\u00e9f\u00e9rences ;<br \/>\n&#8211; pr\u00e9vention et d\u00e9tection des fraudes, malwares (malicious softwares ou logiciels malveillants) et gestion des incidents de s\u00e9curit\u00e9 ;<br \/>\n&#8211; gestion des \u00e9ventuels litiges avec les utilisateurs ;<br \/>\n&#8211; envoi d&rsquo;informations commerciales et publicitaires, en fonction des pr\u00e9f\u00e9rences de l&rsquo;utilisateur ;<\/p>\n<h3>Article 8 &#8211; Politique de conservation des donn\u00e9es<\/h3>\n<p>Symetry conserve vos donn\u00e9es pour la dur\u00e9e n\u00e9cessaire pour vous fournir ses services ou son assistance.<br \/>\nDans la mesure raisonnablement n\u00e9cessaire ou requise pour satisfaire aux obligations l\u00e9gales ou r\u00e9glementaires, r\u00e9gler des litiges, emp\u00eacher les fraudes et abus ou appliquer nos modalit\u00e9s et conditions, nous pouvons \u00e9galement conserver certaines de vos informations si n\u00e9cessaire, m\u00eame apr\u00e8s que vous ayez ferm\u00e9 votre compte ou que nous n&rsquo;ayons plus besoin pour vous fournir nos services.<br \/>\nPour en savoir plus quant aux cookies utilis\u00e9s sur ce site et \u00e0 propos de la politique instaur\u00e9e \u00e0 ce sujet, veuillez vous r\u00e9f\u00e9rer \u00e0 la page suivante : <a href=\"\/en\/politique-de-cookies-ue\/\">Politique de cookies EU.<\/a><\/p>\n<h3>Article 9 &#8211; Partage des donn\u00e9es personnelles avec des tiers<\/h3>\n<p>Les donn\u00e9es personnelles peuvent \u00eatre partag\u00e9es avec des soci\u00e9t\u00e9s tierces exclusivement dans l&rsquo;Union europ\u00e9enne, dans les cas suivants :<br \/>\n&#8211; lorsque l&rsquo;utilisateur publie, dans les zones de commentaires libres de yann-pivel.com, des informations accessibles au public ;<br \/>\n&#8211; quand l&rsquo;utilisateur autorise le site web d&rsquo;un tiers \u00e0 acc\u00e9der \u00e0 ses donn\u00e9es ;<br \/>\n&#8211; quand yann-pivel.com recourt aux services de prestataires pour fournir l&rsquo;assistance utilisateurs, la publicit\u00e9 et les services de paiement. Ces prestataires disposent d&rsquo;un acc\u00e8s limit\u00e9 aux donn\u00e9es de l&rsquo;utilisateur, dans le cadre de l&rsquo;ex\u00e9cution de ces prestations, et ont l&rsquo;obligation contractuelle de les utiliser en conformit\u00e9 avec les dispositions de la r\u00e9glementation applicable en mati\u00e8re protection des donn\u00e9es \u00e0 caract\u00e8re personnel ;<br \/>\n&#8211; si la loi l&rsquo;exige, yann-pivel.com peut effectuer la transmission de donn\u00e9es pour donner suite aux r\u00e9clamations pr\u00e9sent\u00e9es contre yann-pivel.com et se conformer aux proc\u00e9dures administratives et judiciaires.<\/p>\n<h3>Article 10 &#8211; Photographies et repr\u00e9sentation des produits<\/h3>\n<p>Les photographies de produits, accompagnant leur description, ne sont pas contractuelles et n&rsquo;engagent pas l&rsquo;\u00e9diteur.<\/p>\n<h3>Article 11 &#8211; Loi applicable<\/h3>\n<p>Les pr\u00e9sentes conditions d&rsquo;utilisation du site sont r\u00e9gies par la loi fran\u00e7aise et soumises \u00e0 la comp\u00e9tence des tribunaux du si\u00e8ge social de l&rsquo;\u00e9diteur, sous r\u00e9serve d&rsquo;une attribution de comp\u00e9tence sp\u00e9cifique d\u00e9coulant d&rsquo;un texte de loi ou r\u00e9glementaire particulier.<\/p>\n<h3>Article 12 &#8211; Contactez-nous<\/h3>\n<p>Pour toute question, information concernant le site lui-m\u00eame, vous pouvez laisser un message \u00e0 l&rsquo;adresse suivante : <a href=\"mailto:yann.pivel@hotmail.fr\">yann.pivel@hotmail.fr<\/a>[\/et_pb_text][\/et_pb_column][\/et_pb_row][\/et_pb_section]<\/p>","protected":false},"excerpt":{"rendered":"<p>Mentions l\u00e9galesMentions l\u00e9galesSoucieux des droits des individus, notamment au regard des traitements automatis\u00e9s et dans une volont\u00e9 de transparence avec ses clients, j&rsquo;ai mis en place une politique reprenant l&rsquo;ensemble de ces traitements, des finalit\u00e9s poursuivies par ces derniers ainsi que des moyens d&rsquo;actions \u00e0 la disposition des individus afin qu&rsquo;ils puissent au mieux exercer [&hellip;]<\/p>","protected":false},"author":1,"featured_media":0,"parent":0,"menu_order":0,"comment_status":"closed","ping_status":"closed","template":"","meta":{"_et_pb_use_builder":"on","_et_pb_old_content":"","_et_gb_content_width":"","inline_featured_image":false,"footnotes":""},"class_list":["post-1508","page","type-page","status-publish","hentry"],"yoast_head":"<!-- This site is optimized with the Yoast SEO plugin v21.2 - https:\/\/yoast.com\/wordpress\/plugins\/seo\/ -->\n<title>Mentions l\u00e9gales - yann-pivel.com<\/title>\n<meta name=\"robots\" content=\"index, follow, max-snippet:-1, max-image-preview:large, max-video-preview:-1\" \/>\n<link rel=\"canonical\" href=\"https:\/\/yann-pivel.com\/en\/mentions-legales\/\" \/>\n<meta property=\"og:locale\" content=\"en_GB\" \/>\n<meta property=\"og:type\" content=\"article\" \/>\n<meta property=\"og:title\" content=\"Mentions l\u00e9gales - yann-pivel.com\" \/>\n<meta property=\"og:description\" content=\"Mentions l\u00e9galesMentions l\u00e9galesSoucieux des droits des individus, notamment au regard des traitements automatis\u00e9s et dans une volont\u00e9 de transparence avec ses clients, j&#039;ai mis en place une politique reprenant l&#039;ensemble de ces traitements, des finalit\u00e9s poursuivies par ces derniers ainsi que des moyens d&#039;actions \u00e0 la disposition des individus afin qu&#039;ils puissent au mieux exercer [&hellip;]\" \/>\n<meta property=\"og:url\" content=\"https:\/\/yann-pivel.com\/en\/mentions-legales\/\" \/>\n<meta property=\"og:site_name\" content=\"yann-pivel.com\" \/>\n<meta property=\"article:modified_time\" content=\"2023-09-13T11:03:28+00:00\" \/>\n<meta name=\"twitter:card\" content=\"summary_large_image\" \/>\n<meta name=\"twitter:label1\" content=\"Estimated reading time\" \/>\n\t<meta name=\"twitter:data1\" content=\"9 minutes\" \/>\n<script type=\"application\/ld+json\" class=\"yoast-schema-graph\">{\"@context\":\"https:\/\/schema.org\",\"@graph\":[{\"@type\":\"WebPage\",\"@id\":\"https:\/\/yann-pivel.com\/mentions-legales\/\",\"url\":\"https:\/\/yann-pivel.com\/mentions-legales\/\",\"name\":\"Mentions l\u00e9gales - yann-pivel.com\",\"isPartOf\":{\"@id\":\"https:\/\/yann-pivel.com\/#website\"},\"datePublished\":\"2023-09-13T10:49:02+00:00\",\"dateModified\":\"2023-09-13T11:03:28+00:00\",\"breadcrumb\":{\"@id\":\"https:\/\/yann-pivel.com\/mentions-legales\/#breadcrumb\"},\"inLanguage\":\"en-GB\",\"potentialAction\":[{\"@type\":\"ReadAction\",\"target\":[\"https:\/\/yann-pivel.com\/mentions-legales\/\"]}]},{\"@type\":\"BreadcrumbList\",\"@id\":\"https:\/\/yann-pivel.com\/mentions-legales\/#breadcrumb\",\"itemListElement\":[{\"@type\":\"ListItem\",\"position\":1,\"name\":\"Accueil\",\"item\":\"https:\/\/yann-pivel.com\/\"},{\"@type\":\"ListItem\",\"position\":2,\"name\":\"Mentions l\u00e9gales\"}]},{\"@type\":\"WebSite\",\"@id\":\"https:\/\/yann-pivel.com\/#website\",\"url\":\"https:\/\/yann-pivel.com\/\",\"name\":\"yann-pivel.com\",\"description\":\"CV en ligne\",\"potentialAction\":[{\"@type\":\"SearchAction\",\"target\":{\"@type\":\"EntryPoint\",\"urlTemplate\":\"https:\/\/yann-pivel.com\/?s={search_term_string}\"},\"query-input\":\"required name=search_term_string\"}],\"inLanguage\":\"en-GB\"}]}<\/script>\n<!-- \/ Yoast SEO plugin. -->","yoast_head_json":{"title":"Mentions l\u00e9gales - yann-pivel.com","robots":{"index":"index","follow":"follow","max-snippet":"max-snippet:-1","max-image-preview":"max-image-preview:large","max-video-preview":"max-video-preview:-1"},"canonical":"https:\/\/yann-pivel.com\/en\/mentions-legales\/","og_locale":"en_GB","og_type":"article","og_title":"Mentions l\u00e9gales - yann-pivel.com","og_description":"Mentions l\u00e9galesMentions l\u00e9galesSoucieux des droits des individus, notamment au regard des traitements automatis\u00e9s et dans une volont\u00e9 de transparence avec ses clients, j'ai mis en place une politique reprenant l'ensemble de ces traitements, des finalit\u00e9s poursuivies par ces derniers ainsi que des moyens d'actions \u00e0 la disposition des individus afin qu'ils puissent au mieux exercer [&hellip;]","og_url":"https:\/\/yann-pivel.com\/en\/mentions-legales\/","og_site_name":"yann-pivel.com","article_modified_time":"2023-09-13T11:03:28+00:00","twitter_card":"summary_large_image","twitter_misc":{"Estimated reading time":"9 minutes"},"schema":{"@context":"https:\/\/schema.org","@graph":[{"@type":"WebPage","@id":"https:\/\/yann-pivel.com\/mentions-legales\/","url":"https:\/\/yann-pivel.com\/mentions-legales\/","name":"Mentions l\u00e9gales - yann-pivel.com","isPartOf":{"@id":"https:\/\/yann-pivel.com\/#website"},"datePublished":"2023-09-13T10:49:02+00:00","dateModified":"2023-09-13T11:03:28+00:00","breadcrumb":{"@id":"https:\/\/yann-pivel.com\/mentions-legales\/#breadcrumb"},"inLanguage":"en-GB","potentialAction":[{"@type":"ReadAction","target":["https:\/\/yann-pivel.com\/mentions-legales\/"]}]},{"@type":"BreadcrumbList","@id":"https:\/\/yann-pivel.com\/mentions-legales\/#breadcrumb","itemListElement":[{"@type":"ListItem","position":1,"name":"Accueil","item":"https:\/\/yann-pivel.com\/"},{"@type":"ListItem","position":2,"name":"Mentions l\u00e9gales"}]},{"@type":"WebSite","@id":"https:\/\/yann-pivel.com\/#website","url":"https:\/\/yann-pivel.com\/","name":"yann-pivel.com","description":"CV en ligne","potentialAction":[{"@type":"SearchAction","target":{"@type":"EntryPoint","urlTemplate":"https:\/\/yann-pivel.com\/?s={search_term_string}"},"query-input":"required name=search_term_string"}],"inLanguage":"en-GB"}]}},"_links":{"self":[{"href":"https:\/\/yann-pivel.com\/en\/wp-json\/wp\/v2\/pages\/1508","targetHints":{"allow":["GET"]}}],"collection":[{"href":"https:\/\/yann-pivel.com\/en\/wp-json\/wp\/v2\/pages"}],"about":[{"href":"https:\/\/yann-pivel.com\/en\/wp-json\/wp\/v2\/types\/page"}],"author":[{"embeddable":true,"href":"https:\/\/yann-pivel.com\/en\/wp-json\/wp\/v2\/users\/1"}],"replies":[{"embeddable":true,"href":"https:\/\/yann-pivel.com\/en\/wp-json\/wp\/v2\/comments?post=1508"}],"version-history":[{"count":3,"href":"https:\/\/yann-pivel.com\/en\/wp-json\/wp\/v2\/pages\/1508\/revisions"}],"predecessor-version":[{"id":1512,"href":"https:\/\/yann-pivel.com\/en\/wp-json\/wp\/v2\/pages\/1508\/revisions\/1512"}],"wp:attachment":[{"href":"https:\/\/yann-pivel.com\/en\/wp-json\/wp\/v2\/media?parent=1508"}],"curies":[{"name":"wp","href":"https:\/\/api.w.org\/{rel}","templated":true}]}}